{"id":1013,"date":"2025-12-24T19:25:21","date_gmt":"2025-12-24T17:25:21","guid":{"rendered":"https:\/\/www.satanqueta.com\/regala\/"},"modified":"2026-03-11T18:19:04","modified_gmt":"2026-03-11T16:19:04","slug":"regala","status":"publish","type":"page","link":"https:\/\/www.satanqueta.com\/es\/regala\/","title":{"rendered":"Tarjeta Regalo"},"content":{"rendered":"<section class=\"l-section wpb_row height_auto\"><div class=\"l-section-h i-cf\"><div class=\"g-cols vc_row via_grid cols_1 laptops-cols_inherit tablets-cols_inherit mobiles-cols_1 valign_top type_default stacking_default\"><div class=\"wpb_column vc_column_container\"><div class=\"vc_column-inner\"><div class=\"w-separator size_medium\"><\/div><h2 class=\"w-post-elm post_title us_custom_8bcbc144 has_text_color align_center entry-title color_link_inherit\">Tarjeta Regalo<\/h2><div class=\"w-html\"><script type=\"text\/javascript\" src=\"https:\/\/www.covermanager.com\/js\/iframeResizer\/iframeResizer.min.js\"><\/script><iframe loading=\"lazy\"\n                                                            title=\"Reservas\" src=\"https:\/\/www.covermanager.com\/eco\/buy_products\/restaurante-satanqueta\/spanish\"\n                                                            allow=\"payment\" frameborder=\"0\" height=\"550\" width=\"100%\" onload=\"iFrameResize();\"><\/iframe>\n                                                <\/div><div class=\"w-separator size_medium\"><\/div><div class=\"w-tabs style_default switch_click accordion has_scrolling\" style=\"--sections-title-size:inherit\"><div class=\"w-tabs-sections titles-align_none icon_chevron cpos_right\"><div class=\"w-tabs-section\" id=\"c2f6\" itemscope itemprop=\"mainEntity\" itemtype=\"https:\/\/schema.org\/Question\"><button class=\"w-tabs-section-header\" aria-controls=\"content-c2f6\" aria-expanded=\"false\"><div class=\"w-tabs-section-title\" itemprop=\"name\">\u00bfQu\u00e9 es una Tarjeta Regalo?<\/div><div class=\"w-tabs-section-control\"><\/div><\/button><div  class=\"w-tabs-section-content\" id=\"content-c2f6\" itemscope itemprop=\"acceptedAnswer\" itemtype=\"https:\/\/schema.org\/Answer\"><div class=\"w-tabs-section-content-h i-cf\" itemprop=\"text\"><div class=\"wpb_text_column\"><div class=\"wpb_wrapper\"><p>Compra una tarjeta de regalo y recibir\u00e1s por email una imagen personalizada con el nombre del beneficiario y la dedicatoria. Adem\u00e1s cada tarjeta dispone de un c\u00f3digo \u00fanico que se puede indicar en el proceso de <a href=\"https:\/\/www.satanqueta.com\/es\/reservar\/\">reserva por Internet<\/a>.<\/p>\n<p><img loading=\"lazy\" decoding=\"async\" class=\"alignnone wp-image-1151\" src=\"https:\/\/www.satanqueta.com\/wp-content\/uploads\/2026\/01\/voucher-esp.jpg\" alt=\"\" width=\"574\" height=\"365\" srcset=\"https:\/\/www.satanqueta.com\/wp-content\/uploads\/2026\/01\/voucher-esp.jpg 1004w, https:\/\/www.satanqueta.com\/wp-content\/uploads\/2026\/01\/voucher-esp-300x191.jpg 300w\" sizes=\"auto, (max-width: 574px) 100vw, 574px\" \/><\/p>\n<\/div><\/div><\/div><\/div><\/div><div class=\"w-tabs-section\" id=\"g4e0\" itemscope itemprop=\"mainEntity\" itemtype=\"https:\/\/schema.org\/Question\"><button class=\"w-tabs-section-header\" aria-controls=\"content-g4e0\" aria-expanded=\"false\"><div class=\"w-tabs-section-title\" itemprop=\"name\">\u00bfQu\u00e9 sucede si el beneficiario gasta m\u00e1s o menos del valor de la Tarjeta Regalo?<\/div><div class=\"w-tabs-section-control\"><\/div><\/button><div  class=\"w-tabs-section-content\" id=\"content-g4e0\" itemscope itemprop=\"acceptedAnswer\" itemtype=\"https:\/\/schema.org\/Answer\"><div class=\"w-tabs-section-content-h i-cf\" itemprop=\"text\"><div class=\"wpb_text_column\"><div class=\"wpb_wrapper\"><p>Si el beneficiario de la Tarjeta Regalo gasta en el Restaurante m\u00e1s del valor de la Tarjeta Regalo, deber\u00e1 pagar la diferencia en el Restaurante. Por otro lado, si gasta menos del valor de la Tarjeta Regalo, no se realizar\u00e1 ninguna devoluci\u00f3n.<\/p>\n<\/div><\/div><\/div><\/div><\/div><div class=\"w-tabs-section\" id=\"j686\" itemscope itemprop=\"mainEntity\" itemtype=\"https:\/\/schema.org\/Question\"><button class=\"w-tabs-section-header\" aria-controls=\"content-j686\" aria-expanded=\"false\"><div class=\"w-tabs-section-title\" itemprop=\"name\">\u00bfQu\u00e9 sucede si el beneficiario de una Tarjeta Regalo reserva y canjea la Tarjeta y despu\u00e9s anula la reserva?<\/div><div class=\"w-tabs-section-control\"><\/div><\/button><div  class=\"w-tabs-section-content\" id=\"content-j686\" itemscope itemprop=\"acceptedAnswer\" itemtype=\"https:\/\/schema.org\/Answer\"><div class=\"w-tabs-section-content-h i-cf\" itemprop=\"text\"><div class=\"wpb_text_column\"><div class=\"wpb_wrapper\"><p>Si se anula la reserva con una antelaci\u00f3n m\u00ednima de 48 horas, el beneficiario puede contactar con <strong>info@satanqueta.com<\/strong> y se le enviar\u00e1 C\u00f3digo de Descuento para que pueda comprar una nueva Tarjeta Regalo a coste cero y as\u00ed poder usarla en su pr\u00f3xima reserva.<\/p>\n<\/div><\/div><\/div><\/div><\/div><\/div><\/div><div class=\"w-separator size_medium\"><\/div><\/div><\/div><\/div><\/div><\/section>\n","protected":false},"excerpt":{"rendered":"Tarjeta Regalo \u00bfQu\u00e9 es una Tarjeta Regalo?Compra una tarjeta de regalo y recibir\u00e1s por email una imagen personalizada con el nombre del beneficiario y la dedicatoria. Adem\u00e1s cada tarjeta dispone de un c\u00f3digo \u00fanico que se puede indicar en el proceso de reserva por Internet. \u00bfQu\u00e9 sucede si el beneficiario gasta m\u00e1s o menos del...","protected":false},"author":1,"featured_media":0,"parent":0,"menu_order":0,"comment_status":"closed","ping_status":"closed","template":"","meta":{"footnotes":""},"class_list":["post-1013","page","type-page","status-publish","hentry"],"_links":{"self":[{"href":"https:\/\/www.satanqueta.com\/es\/wp-json\/wp\/v2\/pages\/1013","targetHints":{"allow":["GET"]}}],"collection":[{"href":"https:\/\/www.satanqueta.com\/es\/wp-json\/wp\/v2\/pages"}],"about":[{"href":"https:\/\/www.satanqueta.com\/es\/wp-json\/wp\/v2\/types\/page"}],"author":[{"embeddable":true,"href":"https:\/\/www.satanqueta.com\/es\/wp-json\/wp\/v2\/users\/1"}],"replies":[{"embeddable":true,"href":"https:\/\/www.satanqueta.com\/es\/wp-json\/wp\/v2\/comments?post=1013"}],"version-history":[{"count":32,"href":"https:\/\/www.satanqueta.com\/es\/wp-json\/wp\/v2\/pages\/1013\/revisions"}],"predecessor-version":[{"id":1192,"href":"https:\/\/www.satanqueta.com\/es\/wp-json\/wp\/v2\/pages\/1013\/revisions\/1192"}],"wp:attachment":[{"href":"https:\/\/www.satanqueta.com\/es\/wp-json\/wp\/v2\/media?parent=1013"}],"curies":[{"name":"wp","href":"https:\/\/api.w.org\/{rel}","templated":true}]}}